{"id":22,"date":"2020-03-04T23:44:55","date_gmt":"2020-03-04T22:44:55","guid":{"rendered":"http:\/\/degre6escalade.fr\/?page_id=22"},"modified":"2020-03-13T16:43:40","modified_gmt":"2020-03-13T15:43:40","slug":"les-salles","status":"publish","type":"page","link":"https:\/\/degre6escalade.fr\/?page_id=22","title":{"rendered":"Les murs"},"content":{"rendered":"\n<p>L\u2019inscription \u00e0 la section escalade de l\u2019ASSU vous permet de participer aux deux s\u00e9ances hebdomadaires d\u2019escalade sur le mur du <a href=\"http:\/\/roc14.org\/la-salle-le-mur\/\">gymnase Alice Milliat<\/a>, ainsi qu\u2019au cr\u00e9neau d\u2019escalade parfois ouvert le samedi sur le mur du gymnase de Jussieu.<\/p>\n\n\n\n<h3>Topo des voies \u00e0 Alice Millat (via roc14)<\/h3>\n\n\n\n<iframe height=\"500px\" scrolling=\"auto\" src=\"https:\/\/docs.google.com\/spreadsheets\/d\/1RYMLrRjvTnyRjgt0dfjbYUobSXiPf0qdMK3Jyrutb60\/edit?usp=sharing\"><\/iframe>\n\n\n\n<h3>Horaires des s\u00e9ances&nbsp;:<\/h3>\n\n\n\n<ul><li>Le mardi de 17h30 \u00e0 20h au gymnase Alice Milliat,<\/li><li>Le jeudi de 18h \u00e0 20h au gymnase Alice Milliat,<\/li><li>Et&nbsp;<em>uniquement lorsqu\u2019un e-mail est envoy\u00e9<\/em>&nbsp;<em>\u00e0 tous les membres de la section<\/em>&nbsp;: le samedi de 12h \u00e0 15h au gymnase Jean Talbot de Jussieu.<\/li><\/ul>\n\n\n\n<p>A ces cr\u00e9neaux s\u2019en ajoutent deux autres, r\u00e9serv\u00e9s aux \u00e9tudiants comp\u00e9titeurs :<\/p>\n\n\n\n<ul><li>Le lundi de 18h30 \u00e0 20h30 \u00e0 Arkose ou Antrebloc,<\/li><li>Le jeudi de 16h \u00e0 18 au gymnase Alice Milliat.<\/li><\/ul>\n\n\n\n<h3>Localisation des gymnases et salles d\u2019escalade :<\/h3>\n\n\n\n<ul><li><strong>Gymnase Alice Milliat&nbsp;:&nbsp;11 ter rue d\u2019Al\u00e9sia,&nbsp;75014 Paris (m\u00e9tro Denfert-Rochereau ou Al\u00e9sia)<\/strong><\/li><\/ul>\n\n\n\n<iframe loading=\"lazy\" src=\"https:\/\/www.google.com\/maps\/embed?pb=!1m18!1m12!1m3!1d2626.6324509132173!2d2.3334531511375896!3d48.82707391076371!2m3!1f0!2f0!3f0!3m2!1i1024!2i768!4f13.1!3m3!1m2!1s0x47e671bb44e43b95%3A0x70cb42a85972c90d!2sGymnase%20Alice%20Milliat!5e0!3m2!1sfr!2sfr!4v1583681739674!5m2!1sfr!2sfr\" width=\"600\" height=\"450\" frameborder=\"0\" style=\"border:0;\" allowfullscreen=\"\"><\/iframe>\n\n\n\n<ul><li><strong>Gymnase Jean Talbot \u00e0 Jussieu&nbsp;:<\/strong>&nbsp;<strong>4 place Jussieu, 75005 Paris (m\u00e9tro Jussieu)<\/strong><\/li><\/ul>\n\n\n\n<p>L\u2019acc\u00e8s au gymnase se fait en entrant dans les locaux du DAPS (D\u00e9partement des Activit\u00e9s Physiques et Sportives), dans les B\u00e2timents B et C, au rez-de-chauss\u00e9 sous la passerelle. Une fois entr\u00e9 dans le b\u00e2timent, il faut prendre imm\u00e9diatement \u00e0 gauche les escaliers qui descendent. Au bout d\u2019un couloir se trouvent les vestiaires qui donnent sur le gymnase.<\/p>\n\n\n\n<figure class=\"wp-block-image\"><a href=\"http:\/\/web.archive.org\/web\/20180831184012\/http:\/\/degre6.fr\/wp-content\/uploads\/2014\/10\/Plan_Jussieu.png\"><img decoding=\"async\" src=\"http:\/\/web.archive.org\/web\/20180831184012im_\/http:\/\/degre6.fr\/wp-content\/uploads\/2014\/10\/Plan_Jussieu-725x1024.png\" alt=\"Plan_Jussieu\" class=\"wp-image-289\"\/><\/a><\/figure>\n\n\n\n<ul><li><strong>Arkose Montreuil&nbsp;:<\/strong>&nbsp;<strong>33 Rue du Progr\u00e8s, 93100 Montreuil<\/strong><\/li><\/ul>\n\n\n\n<iframe loading=\"lazy\" src=\"https:\/\/www.google.com\/maps\/embed?pb=!1m18!1m12!1m3!1d2625.340247803257!2d2.4170527511383786!3d48.85172190902877!2m3!1f0!2f0!3f0!3m2!1i1024!2i768!4f13.1!3m3!1m2!1s0x47e67283b1a14257%3A0x9f0785d85f2d7771!2sArkose%20Montreuil!5e0!3m2!1sfr!2sfr!4v1583682244165!5m2!1sfr!2sfr\" width=\"600\" height=\"450\" frameborder=\"0\" style=\"border:0;\" allowfullscreen=\"\"><\/iframe>\n\n\n\n<ul><li><strong>Antrebloc<\/strong>&nbsp;&nbsp;:&nbsp;<strong>5 Rue Henri Barbusse, 94800 Villejuif<\/strong><\/li><\/ul>\n\n\n\n<iframe loading=\"lazy\" src=\"https:\/\/www.google.com\/maps\/embed?pb=!1m18!1m12!1m3!1d2627.837528892521!2d2.363197851136806!3d48.80407941238179!2m3!1f0!2f0!3f0!3m2!1i1024!2i768!4f13.1!3m3!1m2!1s0x47e6717d85eeeaa5%3A0x207cd932379f6005!2sAntrebloc!5e0!3m2!1sfr!2sfr!4v1583682199337!5m2!1sfr!2sfr\" width=\"600\" height=\"450\" frameborder=\"0\" style=\"border:0;\" allowfullscreen=\"\"><\/iframe>\n\n\n\n<ul><li><strong>Arkose Nation : 35 rue des grands-champs, 75020, Paris<\/strong><\/li><\/ul>\n\n\n\n<iframe loading=\"lazy\" src=\"https:\/\/www.google.com\/maps\/embed?pb=!1m18!1m12!1m3!1d2625.3650972020605!2d2.4000349511383487!3d48.851248009062196!2m3!1f0!2f0!3f0!3m2!1i1024!2i768!4f13.1!3m3!1m2!1s0x47e673900e23ca37%3A0xc61e721575bbd985!2sArkose%20Nation!5e0!3m2!1sfr!2sfr!4v1583682310861!5m2!1sfr!2sfr\" width=\"600\" height=\"450\" frameborder=\"0\" style=\"border:0;\" allowfullscreen=\"\"><\/iframe>\n","protected":false},"excerpt":{"rendered":"<p>L\u2019inscription \u00e0 la section escalade de l\u2019ASSU vous permet de participer aux deux s\u00e9ances hebdomadaires d\u2019escalade sur le mur du gymnase Alice Milliat, ainsi qu\u2019au cr\u00e9neau d\u2019escalade parfois ouvert le samedi sur le mur du gymnase de Jussieu. Topo des voies \u00e0 Alice Millat (via roc14) Horaires des s\u00e9ances&nbsp;: Le mardi de 17h30 \u00e0 20h au gymnase Alice Milliat, Le jeudi de 18h \u00e0 20h au gymnase Alice Milliat, Et&nbsp;uniquement lorsqu\u2019un e-mail est envoy\u00e9&nbsp;\u00e0 tous les membres de la section&nbsp;:&#8230;<\/p>\n<p class=\"read-more\"><a class=\"btn btn-default\" href=\"https:\/\/degre6escalade.fr\/?page_id=22\">Lire la suite<span class=\"screen-reader-text\"> Lire la suite<\/span><\/a><\/p>\n","protected":false},"author":1,"featured_media":0,"parent":0,"menu_order":0,"comment_status":"closed","ping_status":"closed","template":"","meta":{"_bbp_topic_count":0,"_bbp_reply_count":0,"_bbp_total_topic_count":0,"_bbp_total_reply_count":0,"_bbp_voice_count":0,"_bbp_anonymous_reply_count":0,"_bbp_topic_count_hidden":0,"_bbp_reply_count_hidden":0,"_bbp_forum_subforum_count":0},"_links":{"self":[{"href":"https:\/\/degre6escalade.fr\/index.php?rest_route=\/wp\/v2\/pages\/22"}],"collection":[{"href":"https:\/\/degre6escalade.fr\/index.php?rest_route=\/wp\/v2\/pages"}],"about":[{"href":"https:\/\/degre6escalade.fr\/index.php?rest_route=\/wp\/v2\/types\/page"}],"author":[{"embeddable":true,"href":"https:\/\/degre6escalade.fr\/index.php?rest_route=\/wp\/v2\/users\/1"}],"replies":[{"embeddable":true,"href":"https:\/\/degre6escalade.fr\/index.php?rest_route=%2Fwp%2Fv2%2Fcomments&post=22"}],"version-history":[{"count":7,"href":"https:\/\/degre6escalade.fr\/index.php?rest_route=\/wp\/v2\/pages\/22\/revisions"}],"predecessor-version":[{"id":219,"href":"https:\/\/degre6escalade.fr\/index.php?rest_route=\/wp\/v2\/pages\/22\/revisions\/219"}],"wp:attachment":[{"href":"https:\/\/degre6escalade.fr\/index.php?rest_route=%2Fwp%2Fv2%2Fmedia&parent=22"}],"curies":[{"name":"wp","href":"https:\/\/api.w.org\/{rel}","templated":true}]}}