{"id":23,"date":"2020-03-04T23:44:55","date_gmt":"2020-03-04T22:44:55","guid":{"rendered":"http:\/\/degre6escalade.fr\/?page_id=23"},"modified":"2020-03-08T14:24:09","modified_gmt":"2020-03-08T13:24:09","slug":"le-club-gcn","status":"publish","type":"page","link":"https:\/\/degre6escalade.fr\/?page_id=23","title":{"rendered":"Le club FFCAM GCN"},"content":{"rendered":"\n<p>L\u2019AS escalade de Sorbonne Universit\u00e9 b\u00e9n\u00e9ficie de l\u2019appui de<strong>\u00a0GCN (Gr\u00e8s Calcaire et Neige)<\/strong>, une association adh\u00e9rente \u00e0 la\u00a0<strong>FFCAM (F\u00e9d\u00e9ration Fran\u00e7aise des Clubs alpins et de Montagnes)<\/strong>. Tout membre de la section escalade de l\u2019UPMC peut y adh\u00e9rer via le <a href=\"https:\/\/www.ffcam.fr\/recherche_clubs.html\">site\u00a0web<\/a>, ou en contactant les encadrants de la section qui expliqueront les d\u00e9marches \u00e0 suivre.<\/p>\n\n\n\n<div class=\"wp-block-image\"><figure class=\"alignleft\"><a href=\"http:\/\/web.archive.org\/web\/20180831092757\/http:\/\/degre6.fr\/wp-content\/uploads\/2014\/10\/Alpinisme_11.jpg\"><img decoding=\"async\" src=\"http:\/\/web.archive.org\/web\/20180831092757im_\/http:\/\/degre6.fr\/wp-content\/uploads\/2014\/10\/Alpinisme_11-224x300.jpg\" alt=\"Alpinisme_1\" class=\"wp-image-1078\"\/><\/a><\/figure><\/div>\n\n\n\n<p>Les encadrants de la section escalade sont tous adh\u00e9rents \u00e0 la FFCAM via GCN. Cette structure assure en effet la formation des encadrants, en s\u2019adossant sur le\u00a0<strong>cursus des brevets d\u2019escalade<\/strong>\u00a0propos\u00e9s par la FFCAM. Cela permet de former un encadrement de qualit\u00e9, reconnu juridiquement.<\/p>\n\n\n\n<p>Un autre apport de GCN est de permettre \u00e0 ses adh\u00e9rents de b\u00e9n\u00e9ficier de la\u00a0<strong>couverture d\u2019assurance de la FFCAM<\/strong>, pour la\u00a0<strong>pratique individuelle d\u2019un grand nombre d\u2019activit\u00e9s de montagne<\/strong>\u00a0(escalade, alpinisme, randonn\u00e9e, ski de montagne, cascade de glace\u2026). Ainsi, l\u2019adh\u00e9sion \u00e0 GCN est obligatoire pour les membres de l\u2019AS escalade de l\u2019UPMC, qui souhaitent participer au rassemblement d\u2019\u00e9t\u00e9 organis\u00e9 chaque ann\u00e9e en montagne. Par ailleurs, cette adh\u00e9sion \u00e0 GCN permet de b\u00e9n\u00e9ficier d\u2019une\u00a0<strong>r\u00e9duction de 50% sur les nuit\u00e9es dans les refuges<\/strong>\u00a0et les chalets g\u00e9r\u00e9s par la FFCAM. Enfin, GCN poss\u00e8de certains mat\u00e9riels de montagne qui peuvent \u00eatre emprunt\u00e9s par ses adh\u00e9rents.<\/p>\n\n\n\n<div class=\"wp-block-image\"><figure class=\"alignright\"><a href=\"http:\/\/web.archive.org\/web\/20180831092757\/http:\/\/degre6.fr\/wp-content\/uploads\/2014\/10\/Alpinisme_2.jpg\"><img decoding=\"async\" src=\"http:\/\/web.archive.org\/web\/20180831092757im_\/http:\/\/degre6.fr\/wp-content\/uploads\/2014\/10\/Alpinisme_2-225x300.jpg\" alt=\"Alpinisme_2\" class=\"wp-image-1079\"\/><\/a><\/figure><\/div>\n\n\n\n<p>Mais surtout, GCN favorise la rencontre de personnes passionn\u00e9es par la montagne, l\u2019escalade ou diverses activit\u00e9s alpines, en permettant de r\u00e9aliser des sorties \u00e0 titre individuel, en plus des sorties organis\u00e9es par le couple AS\/GCN.<\/p>\n\n\n\n<p>En 2016, GCN comptait 59 adh\u00e9rents, soit le plus haut nombre depuis la cr\u00e9ation du club en 1994. Les sorties r\u00e9alis\u00e9es sous l\u2019\u00e9gide conjointe de l\u2019ASSU et de GCN ont \u00e9t\u00e9\u00a0:<\/p>\n\n\n\n<ul><li>&nbsp;Le camp de P\u00e2ques 2016&nbsp;\u00e0 Orpierre (05), avec 30 participants ;<\/li><li>&nbsp;17 sorties \u00e0 Fontainebleau ;<\/li><li>&nbsp;6 sorties en falaise : Hauteroche, Vieux Ch\u00e2teau, Bouilland, Presles, Baumes-les-dames, Ard\u00e8che, Calanques de Cassis ;<\/li><li>Le rassemblement de grimpeurs autonomes de l\u2019\u00e9t\u00e9 2016, \u00e0 Ailefroide (05), avec 22 participants.<\/li><\/ul>\n\n\n\n<div class=\"wp-block-image\"><figure class=\"alignleft\"><a href=\"http:\/\/web.archive.org\/web\/20180831092757\/http:\/\/degre6.fr\/wp-content\/uploads\/2014\/10\/Cascade_1.jpg\"><img decoding=\"async\" src=\"http:\/\/web.archive.org\/web\/20180831092757im_\/http:\/\/degre6.fr\/wp-content\/uploads\/2014\/10\/Cascade_1-300x224.jpg\" alt=\"Cascade_1\" class=\"wp-image-1082\"\/><\/a><\/figure><\/div>\n\n\n\n<p>La&nbsp;<strong>formation des encadrants<\/strong>&nbsp;constitue \u00e9galement une part importante de l\u2019activit\u00e9 de GCN. Huit Moniteurs F\u00e9d\u00e9raux ont notamment \u00e9t\u00e9 dipl\u00f4m\u00e9s en 2015 et 2016. Dans le m\u00eame temps, 8 nouveaux Initiateurs SAE (encadrants sur Structure Artificielle d\u2019Escalade) et 6 Initiateurs SNE (encadrants sur Sites Naturels d\u2019Escalade sportifs, d\u2019une longueur de corde) ont \u00e9t\u00e9 form\u00e9s. L\u2019offre de formation d\u2019encadrants continuera \u00e0 se d\u00e9velopper au cours des prochaines ann\u00e9es en fonction de la demande.<\/p>\n\n\n\n<p>La\u00a0<strong>liste des encadrants du club FFCAM GCN<\/strong>, leurs dipl\u00f4mes et leurs domaines de comp\u00e9tences sont donn\u00e9s ici :\u00a0<a href=\"http:\/\/degre6escalade.fr\/?page_id=26\" target=\"_blank\" rel=\"noreferrer noopener\" aria-label=\" (s\u2019ouvre dans un nouvel onglet)\">Encadrants GCN 2017<\/a><\/p>\n\n\n\n<div class=\"wp-block-image\"><figure class=\"aligncenter is-resized\"><a href=\"http:\/\/web.archive.org\/web\/20180831092757\/http:\/\/degre6.fr\/wp-content\/uploads\/2014\/10\/Montage_7.jpg\"><img decoding=\"async\" loading=\"lazy\" src=\"http:\/\/web.archive.org\/web\/20180831092757im_\/http:\/\/degre6.fr\/wp-content\/uploads\/2014\/10\/Montage_7-300x67.jpg\" alt=\"Montage_7\" class=\"wp-image-1080\" width=\"559\" height=\"125\"\/><\/a><\/figure><\/div>\n","protected":false},"excerpt":{"rendered":"<p>L\u2019AS escalade de Sorbonne Universit\u00e9 b\u00e9n\u00e9ficie de l\u2019appui de\u00a0GCN (Gr\u00e8s Calcaire et Neige), une association adh\u00e9rente \u00e0 la\u00a0FFCAM (F\u00e9d\u00e9ration Fran\u00e7aise des Clubs alpins et de Montagnes). Tout membre de la section escalade de l\u2019UPMC peut y adh\u00e9rer via le site\u00a0web, ou en contactant les encadrants de la section qui expliqueront les d\u00e9marches \u00e0 suivre. Les encadrants de la section escalade sont tous adh\u00e9rents \u00e0 la FFCAM via GCN. Cette structure assure en effet la formation des encadrants, en s\u2019adossant sur&#8230;<\/p>\n<p class=\"read-more\"><a class=\"btn btn-default\" href=\"https:\/\/degre6escalade.fr\/?page_id=23\">Lire la suite<span class=\"screen-reader-text\"> Lire la suite<\/span><\/a><\/p>\n","protected":false},"author":1,"featured_media":0,"parent":0,"menu_order":0,"comment_status":"closed","ping_status":"closed","template":"","meta":{"_bbp_topic_count":0,"_bbp_reply_count":0,"_bbp_total_topic_count":0,"_bbp_total_reply_count":0,"_bbp_voice_count":0,"_bbp_anonymous_reply_count":0,"_bbp_topic_count_hidden":0,"_bbp_reply_count_hidden":0,"_bbp_forum_subforum_count":0},"_links":{"self":[{"href":"https:\/\/degre6escalade.fr\/index.php?rest_route=\/wp\/v2\/pages\/23"}],"collection":[{"href":"https:\/\/degre6escalade.fr\/index.php?rest_route=\/wp\/v2\/pages"}],"about":[{"href":"https:\/\/degre6escalade.fr\/index.php?rest_route=\/wp\/v2\/types\/page"}],"author":[{"embeddable":true,"href":"https:\/\/degre6escalade.fr\/index.php?rest_route=\/wp\/v2\/users\/1"}],"replies":[{"embeddable":true,"href":"https:\/\/degre6escalade.fr\/index.php?rest_route=%2Fwp%2Fv2%2Fcomments&post=23"}],"version-history":[{"count":7,"href":"https:\/\/degre6escalade.fr\/index.php?rest_route=\/wp\/v2\/pages\/23\/revisions"}],"predecessor-version":[{"id":113,"href":"https:\/\/degre6escalade.fr\/index.php?rest_route=\/wp\/v2\/pages\/23\/revisions\/113"}],"wp:attachment":[{"href":"https:\/\/degre6escalade.fr\/index.php?rest_route=%2Fwp%2Fv2%2Fmedia&parent=23"}],"curies":[{"name":"wp","href":"https:\/\/api.w.org\/{rel}","templated":true}]}}