{"id":24,"date":"2020-03-04T23:44:55","date_gmt":"2020-03-04T22:44:55","guid":{"rendered":"http:\/\/degre6escalade.fr\/?page_id=24"},"modified":"2020-03-08T12:17:35","modified_gmt":"2020-03-08T11:17:35","slug":"lassociation-sportive-sorbonne-universite","status":"publish","type":"page","link":"https:\/\/degre6escalade.fr\/?page_id=24","title":{"rendered":"L&#8217;Association Sportive Sorbonne Universit\u00e9"},"content":{"rendered":"\n<h2><a href=\"http:\/\/web.archive.org\/web\/20180831215843\/http:\/\/degre6.fr\/wp-content\/uploads\/2014\/10\/Montage_2.jpg\"><\/a>Inscription<\/h2>\n\n\n\n<p><strong>Conditions d\u2019inscription&nbsp;:<\/strong><\/p>\n\n\n\n<p>Pour s\u2019inscrire \u00e0 la section escalade de l\u2019<a href=\"https:\/\/as.upmc.fr\/gestion\/index.php\">Association Sportive de Sorbonne Universit\u00e9<\/a>, il est n\u00e9cessaire : soit d\u2019\u00eatre \u00e9tudiant au campus Pierre et Marie Curie, soit d\u2019\u00eatre membre de son personnel, soit de venir d\u2019un \u00e9tablissement conventionn\u00e9 (comme le Mus\u00e9um d\u2019Histoire Naturelle de Paris). Votre inscription est alors possible, dans la limite des places disponibles (environ 120), \u00a0aupr\u00e8s du bureau de l\u2019ASSU, dont la localisation et les horaires d\u2019ouvertures figurent sur sa\u00a0<a href=\"https:\/\/www.facebook.com\/AS.SorbonneU.Sces.Inge.Med\/?__tn__=%2Cd%2CP-R&amp;eid=ARCTVORfY_QZXDJVvPjnTfC95E-ks-uaB9-ahtLehTLtP8mVC4RD7WLyoFYwnGz3MaidQ-uy64slyTmo\">page Facebook<\/a>.<\/p>\n\n\n\n<p><strong>Proc\u00e9dure d\u2019inscription&nbsp;:<\/strong><\/p>\n\n\n\n<p>Une pr\u00e9-inscription sur le\u00a0<a href=\"https:\/\/auth.sorbonne-universite.fr\/cas\/\/login?service=https%3A%2F%2Fas.upmc.fr%2Fgestion%2Flogin_cas.php\">site web de l&#8217;AS UPMC<\/a> est n\u00e9cessaire.<\/p>\n\n\n\n<div class=\"wp-block-image\"><figure class=\"alignleft\"><img decoding=\"async\" src=\"http:\/\/web.archive.org\/web\/20180831215843im_\/http:\/\/degre6.fr\/wp-content\/uploads\/2014\/10\/Photo_1-200x300.jpg\" alt=\"Photo_1\" class=\"wp-image-1032\"\/><\/figure><\/div>\n\n\n\n<p>Il faut donc&nbsp;:<\/p>\n\n\n\n<p>1) se rendre sur\u00a0<a href=\"https:\/\/auth.sorbonne-universite.fr\/cas\/\/login?service=https%3A%2F%2Fas.upmc.fr%2Fgestion%2Flogin_cas.php\">cette page<\/a>,<\/p>\n\n\n\n<p>2) choisir&nbsp;<strong>Etudiant<\/strong>&nbsp;\/&nbsp;<strong>Personnel<\/strong>&nbsp;\/&nbsp;<strong>Ext\u00e9rieur<\/strong>&nbsp;en fonction de votre cas<\/p>\n\n\n\n<p>3) si&nbsp;ce n\u2019est pas encore fait, importer sur votre profil votre photo et un certificat m\u00e9dical mentionnant votre aptitude \u00e0 la pratique de l\u2019escalade (en comp\u00e9tition, si n\u00e9cessaire), num\u00e9ris\u00e9s proprement au format \u00ab .jpg \u00bb<\/p>\n\n\n\n<p>4) Allez dans&nbsp;<strong>Espace Perso \u2013&gt; Adh\u00e9sion \u2013&gt; Ajouter des sports \u2013&gt; AS \u2013&gt; Sports individuels<\/strong><\/p>\n\n\n\n<p>5) S\u00e9lectionner&nbsp;<strong>Escalade tous niveaux \u2013 loisir<\/strong>&nbsp;et (si vous le souhaitez)&nbsp;<strong>Escalade tous niveaux \u2013 comp\u00e9tition<\/strong>&nbsp;(pour les \u00e9tudiants uniquement)<\/p>\n\n\n\n<p>6) Se rendre au bureau de l\u2019AS \u00e0 Jussieu avec les documents n\u00e9cessaires : carte d\u2019\u00e9tudiant ou membre du personnel de l\u2019ann\u00e9e en cours, certificat m\u00e9dical, photo, ch\u00e8que (dont le montant est d\u00e9taill\u00e9 ci-dessous).<\/p>\n\n\n\n<p>Pour la connexion les \u00e9tudiants et personnels du campus Pierre et Marie Curie peuvent utiliser leur compte de l\u2019universit\u00e9. Les personnes venant d\u2019\u00e9tablissements conventionn\u00e9s doivent d\u00e9j\u00e0 voir avec leur \u00e9tablissement puis se rendre au bureau de l\u2019ASSU.<\/p>\n\n\n\n<p>En cas de probl\u00e8mes ou de cas particulier, n\u2019h\u00e9sitez pas \u00e0 nous joindre sur notre adresse mail&nbsp;:&nbsp;<a href=\"http:\/\/web.archive.org\/web\/20180831215843\/mailto:asdegre6@gmail.com\">asdegre6@gmail.com<\/a><\/p>\n\n\n\n<p><strong>Cotisations&nbsp;:<\/strong><\/p>\n\n\n\n<p>Le montant de l\u2019inscription \u00e0 la section escalade de l\u2019ASSU comprend deux cotisations :<\/p>\n\n\n\n<ul><li>L\u2019adh\u00e9sion \u00e0 l\u2019ASSU co\u00fbte 45 \u20ac pour les \u00e9tudiants du campus Pierre et Marie Curie et 55 \u20ac pour son personnel. Elle est gratuite pour les personnes issues d\u2019\u00e9tablissements conventionn\u00e9s, qui r\u00e8glent leur inscription \u00e0 l\u2019AS de leur \u00e9tablissement. Cette cotisation permet le fonctionnement de l\u2019Association Sportive, le paiement de ses salari\u00e9s, la subvention des comp\u00e9titions, la subvention des formations d\u2019encadrants b\u00e9n\u00e9voles \u2026<\/li><li>L\u2019adh\u00e9sion \u00e0 la section escalade co\u00fbte 22 \u20ac. Cette cotisation suppl\u00e9mentaire\u00a0revient enti\u00e8rement \u00e0 la section, pour le financement de ses actions, l\u2019achat de son mat\u00e9riel et son entretien.<\/li><\/ul>\n\n\n\n<h1>Conditions d\u2019acc\u00e8s<\/h1>\n\n\n\n<h3>Pour les grimpeurs exp\u00e9riment\u00e9s&nbsp;:<a href=\"http:\/\/web.archive.org\/web\/20180831215843\/http:\/\/degre6.fr\/wp-content\/uploads\/2014\/10\/Gymnase_2.jpg\"><\/a><\/h3>\n\n\n\n<ul><li>Si vous avez d\u00e9j\u00e0 pratiqu\u00e9 l\u2019escalade dans le cadre de l\u2019ASSU, vous \u00eates autonome.<\/li><li><strong>Si vous \u00eates nouveau \u00e0 la section, un encadrant v\u00e9rifiera que vous ma\u00eetrisez les techniques de base de l\u2019escalade et de l\u2019assurage sur mur artificiel.<\/strong><\/li><li>Des dates de v\u00e9rification sont programm\u00e9es \u00e0 chaque rentr\u00e9e universitaire. Elles vous sont communiqu\u00e9es par le bureau de l\u2019AS, lors de votre inscription et elles figurent sur ce site \u00e0 la rubrique\u00a0<a href=\"http:\/\/degre6escalade.fr\/?page_id=32\" target=\"_blank\" rel=\"noreferrer noopener\" aria-label=\" (s\u2019ouvre dans un nouvel onglet)\">Rentr\u00e9e<\/a>.<\/li><\/ul>\n\n\n\n<h3>Pour les grimpeurs d\u00e9butants&nbsp;:<\/h3>\n\n\n\n<ul><li><strong><a href=\"http:\/\/web.archive.org\/web\/20180831215843\/http:\/\/degre6.fr\/wp-content\/uploads\/2014\/10\/Falaise_2.jpg\"><\/a>Lors de votre inscription \u00e0 la section, vous devez imp\u00e9rativement vous\u00a0inscrire,\u00a0aupr\u00e8s du \u00a0bureau de l\u2019ASSU, \u00e0 un des cycles de 4\u00a0s\u00e9ances d\u2019initiation \u00e0 l\u2019escalade<\/strong>, programm\u00e9s \u00e0 chaque rentr\u00e9e universitaire (leurs dates\u00a0figurent sur ce site, \u00e0 la rubrique\u00a0<a rel=\"noreferrer noopener\" aria-label=\" (s\u2019ouvre dans un nouvel onglet)\" href=\"http:\/\/degre6escalade.fr\/?page_id=32\" target=\"_blank\">Rentr\u00e9e<\/a>). Vous y apprendrez\u00a0les bases de l\u2019escalade sur mur artificiel, pour pouvoir y grimper en toute s\u00e9curit\u00e9. Tant que ces 4 s\u00e9ances ne sont pas nomm\u00e9ment valid\u00e9es par un encadrant, vous ne pouvez pas grimper en autonomie dans le cadre de l\u2019ASSU.<\/li><li>Une fois cette formation valid\u00e9e, vous pourrez venir grimper librement avec les membres plus exp\u00e9riment\u00e9s de la section. Nous contr\u00f4lerons bien s\u00fbr tout de m\u00eame que tout se passe bien.<\/li><\/ul>\n","protected":false},"excerpt":{"rendered":"<p>Inscription Conditions d\u2019inscription&nbsp;: Pour s\u2019inscrire \u00e0 la section escalade de l\u2019Association Sportive de Sorbonne Universit\u00e9, il est n\u00e9cessaire : soit d\u2019\u00eatre \u00e9tudiant au campus Pierre et Marie Curie, soit d\u2019\u00eatre membre de son personnel, soit de venir d\u2019un \u00e9tablissement conventionn\u00e9 (comme le Mus\u00e9um d\u2019Histoire Naturelle de Paris). Votre inscription est alors possible, dans la limite des places disponibles (environ 120), \u00a0aupr\u00e8s du bureau de l\u2019ASSU, dont la localisation et les horaires d\u2019ouvertures figurent sur sa\u00a0page Facebook. Proc\u00e9dure d\u2019inscription&nbsp;: Une pr\u00e9-inscription&#8230;<\/p>\n<p class=\"read-more\"><a class=\"btn btn-default\" href=\"https:\/\/degre6escalade.fr\/?page_id=24\">Lire la suite<span class=\"screen-reader-text\"> Lire la suite<\/span><\/a><\/p>\n","protected":false},"author":1,"featured_media":0,"parent":0,"menu_order":0,"comment_status":"closed","ping_status":"closed","template":"","meta":{"_bbp_topic_count":0,"_bbp_reply_count":0,"_bbp_total_topic_count":0,"_bbp_total_reply_count":0,"_bbp_voice_count":0,"_bbp_anonymous_reply_count":0,"_bbp_topic_count_hidden":0,"_bbp_reply_count_hidden":0,"_bbp_forum_subforum_count":0},"_links":{"self":[{"href":"https:\/\/degre6escalade.fr\/index.php?rest_route=\/wp\/v2\/pages\/24"}],"collection":[{"href":"https:\/\/degre6escalade.fr\/index.php?rest_route=\/wp\/v2\/pages"}],"about":[{"href":"https:\/\/degre6escalade.fr\/index.php?rest_route=\/wp\/v2\/types\/page"}],"author":[{"embeddable":true,"href":"https:\/\/degre6escalade.fr\/index.php?rest_route=\/wp\/v2\/users\/1"}],"replies":[{"embeddable":true,"href":"https:\/\/degre6escalade.fr\/index.php?rest_route=%2Fwp%2Fv2%2Fcomments&post=24"}],"version-history":[{"count":15,"href":"https:\/\/degre6escalade.fr\/index.php?rest_route=\/wp\/v2\/pages\/24\/revisions"}],"predecessor-version":[{"id":95,"href":"https:\/\/degre6escalade.fr\/index.php?rest_route=\/wp\/v2\/pages\/24\/revisions\/95"}],"wp:attachment":[{"href":"https:\/\/degre6escalade.fr\/index.php?rest_route=%2Fwp%2Fv2%2Fmedia&parent=24"}],"curies":[{"name":"wp","href":"https:\/\/api.w.org\/{rel}","templated":true}]}}