{"id":25,"date":"2020-03-04T23:44:56","date_gmt":"2020-03-04T22:44:56","guid":{"rendered":"http:\/\/degre6escalade.fr\/?page_id=25"},"modified":"2020-03-08T14:20:33","modified_gmt":"2020-03-08T13:20:33","slug":"la-grimpe-outdoor","status":"publish","type":"page","link":"https:\/\/degre6escalade.fr\/?page_id=25","title":{"rendered":"La grimpe outdoor"},"content":{"rendered":"\n<p><strong>L\u2019escalade ne s\u2019apprend r\u00e9ellement que sur du rocher : blocs, falaises ou montagnes.<\/strong>&nbsp;En France, nous avons la chance d\u2019avoir des sites d\u2019escalade tr\u00e8s vari\u00e9s.<\/p>\n\n\n\n<p>Chaque ann\u00e9e, nous sommes tr\u00e8s actifs avec de nombreuses\u00a0sorties sur les\u00a0<a rel=\"noreferrer noopener\" aria-label=\" (s\u2019ouvre dans un nouvel onglet)\" href=\"http:\/\/cosiroc.fr\/index.php\/bleau\/foret-domaniale-2\" target=\"_blank\">blocs de la for\u00eat de Fontainebleau<\/a>\u00a0ou sur les voies du\u00a0<a rel=\"noreferrer noopener\" aria-label=\" (s\u2019ouvre dans un nouvel onglet)\" href=\"http:\/\/cosiroc.fr\/index.php\/actualites\/viaduc-des-fauvettes-2\" target=\"_blank\">viaduc des Fauvettes<\/a>\u00a0(Bures-sur-Yvette, 91), ainsi qu\u2019en falaise \u00e0 Orpierre, aux Calanques, \u00e0 Baume-les-dames, en Bourgogne et en montagne \u00e0 Ailefroide. Cette ann\u00e9e, nous comptons sur la dynamique de nos anciens (jeunes) pour continuer \u00e0 proposer des sorties tr\u00e8s r\u00e9guli\u00e8res. N\u2019h\u00e9sitez pas \u00e0 prendre l\u2019initiative !! Pour cela, le\u00a0<a rel=\"noreferrer noopener\" aria-label=\" (s\u2019ouvre dans un nouvel onglet)\" href=\"http:\/\/degre6escalade.fr\/?page_id=21\" target=\"_blank\">Forum<\/a>\u00a0est un outil indispensable qui nous permet d\u2019organiser toutes les sorties (covoiturage, logement \u00e9ventuel, gestion de l\u2019avitaillement, organisation sur place\u2026).<\/p>\n\n\n\n<h2>Sorties annuelles r\u00e9currentes organis\u00e9es par l\u2019ASSU et GCN :<\/h2>\n\n\n\n<div class=\"wp-block-image\"><figure class=\"alignleft\"><a href=\"http:\/\/web.archive.org\/web\/20180831231358\/http:\/\/degre6.fr\/wp-content\/uploads\/2014\/10\/Fontainebleau_3.jpg\"><img decoding=\"async\" src=\"http:\/\/web.archive.org\/web\/20180831231358im_\/http:\/\/degre6.fr\/wp-content\/uploads\/2014\/10\/Fontainebleau_3-199x300.jpg\" alt=\"Fontainebleau_3\" class=\"wp-image-1067\"\/><\/a><\/figure><\/div>\n\n\n\n<ul><li>De nombreux&nbsp;<strong>samedis ou dimanches<\/strong>&nbsp;sont pass\u00e9s sur&nbsp;<strong>les blocs de gr\u00e8s de la for\u00eat de Fontainebleau<\/strong>, ou sur les&nbsp;<strong>voies en meuli\u00e8re du viaduc des Fauvettes<\/strong>.<\/li><li>Des&nbsp;<strong>weekends<\/strong>&nbsp;sont organis\u00e9s&nbsp;<strong>sur les falaises les plus proches de Paris<\/strong>, comme celles de Bourgogne (Hauteroche, Vieux-Ch\u00e2teau, Saffres\u2026).<\/li><li>Les&nbsp;<strong>weekends prolong\u00e9s<\/strong>&nbsp;d\u2019automne ou de printemps sont l\u2019occasion de partir vers des falaises plus lointaines (Presles, C\u00e9\u00fcse, Calanques\u2026).<\/li><li>Le&nbsp;<strong>camp d\u2019escalade de P\u00e2ques<\/strong>&nbsp;(8 \u00e0 10 jours) est organis\u00e9 sur des&nbsp;<strong>falaises majeures de niveau accessible du sud de la France<\/strong>&nbsp;(Orpierre, Dentelles de Montmirail\u2026).<\/li><li>Le&nbsp;<strong>rassemblement de grimpeurs autonomes de l\u2019\u00e9t\u00e9<\/strong>&nbsp;<strong>(non encadr\u00e9)<\/strong>est&nbsp;organis\u00e9 sous l\u2019\u00e9gide de&nbsp;<a href=\"http:\/\/degre6escalade.fr\/?page_id=23\" target=\"_blank\" rel=\"noreferrer noopener\" aria-label=\" (s\u2019ouvre dans un nouvel onglet)\">GCN<\/a>,&nbsp;pendant&nbsp;une quinzaine de jours&nbsp;<strong>en montagne,<\/strong>&nbsp;g\u00e9n\u00e9ralement \u00e0 Ailefroide dans les Hautes Alpes.<\/li><\/ul>\n\n\n\n<h2>Sorties organis\u00e9es \u00e0 titre personnel :<\/h2>\n\n\n\n<p><strong>Des sorties non encadr\u00e9es<\/strong>&nbsp;sont aussi organis\u00e9es \u00e0 titre personnel par certains adh\u00e9rents, tout au long de l\u2019ann\u00e9e, en falaise ou en montagne.&nbsp;L\u2019hiver est par exemple l\u2019occasion de d\u00e9couvrir l\u2019escalade de&nbsp;<strong>cascades de glace<\/strong>&nbsp;ou le&nbsp;<strong>ski de randonn\u00e9e<\/strong>.&nbsp;<strong>Pour participer \u00e0 ces sorties, il faut \u00eatre assur\u00e9 pour ces pratiques non encadr\u00e9es<\/strong>&nbsp;(cf. rubrique&nbsp;<a href=\"http:\/\/degre6escalade.fr\/?page_id=62\" target=\"_blank\" rel=\"noreferrer noopener\" aria-label=\" (s\u2019ouvre dans un nouvel onglet)\">Assurances<\/a>), en adh\u00e9rant au club&nbsp;<a href=\"http:\/\/degre6escalade.fr\/?page_id=23\" target=\"_blank\" rel=\"noreferrer noopener\" aria-label=\" (s\u2019ouvre dans un nouvel onglet)\">GCN<\/a>.<\/p>\n\n\n\n<div class=\"wp-block-image\"><figure class=\"aligncenter is-resized\"><a href=\"http:\/\/web.archive.org\/web\/20180831231358\/http:\/\/degre6.fr\/wp-content\/uploads\/2014\/10\/Montage_6.jpg\"><img decoding=\"async\" loading=\"lazy\" src=\"http:\/\/web.archive.org\/web\/20180831231358im_\/http:\/\/degre6.fr\/wp-content\/uploads\/2014\/10\/Montage_6-300x93.jpg\" alt=\"Montage_6\" class=\"wp-image-1068\" width=\"601\" height=\"186\"\/><\/a><\/figure><\/div>\n","protected":false},"excerpt":{"rendered":"<p>L\u2019escalade ne s\u2019apprend r\u00e9ellement que sur du rocher : blocs, falaises ou montagnes.&nbsp;En France, nous avons la chance d\u2019avoir des sites d\u2019escalade tr\u00e8s vari\u00e9s. Chaque ann\u00e9e, nous sommes tr\u00e8s actifs avec de nombreuses\u00a0sorties sur les\u00a0blocs de la for\u00eat de Fontainebleau\u00a0ou sur les voies du\u00a0viaduc des Fauvettes\u00a0(Bures-sur-Yvette, 91), ainsi qu\u2019en falaise \u00e0 Orpierre, aux Calanques, \u00e0 Baume-les-dames, en Bourgogne et en montagne \u00e0 Ailefroide. Cette ann\u00e9e, nous comptons sur la dynamique de nos anciens (jeunes) pour continuer \u00e0 proposer des sorties&#8230;<\/p>\n<p class=\"read-more\"><a class=\"btn btn-default\" href=\"https:\/\/degre6escalade.fr\/?page_id=25\">Lire la suite<span class=\"screen-reader-text\"> Lire la suite<\/span><\/a><\/p>\n","protected":false},"author":1,"featured_media":0,"parent":0,"menu_order":0,"comment_status":"closed","ping_status":"closed","template":"","meta":{"_bbp_topic_count":0,"_bbp_reply_count":0,"_bbp_total_topic_count":0,"_bbp_total_reply_count":0,"_bbp_voice_count":0,"_bbp_anonymous_reply_count":0,"_bbp_topic_count_hidden":0,"_bbp_reply_count_hidden":0,"_bbp_forum_subforum_count":0},"_links":{"self":[{"href":"https:\/\/degre6escalade.fr\/index.php?rest_route=\/wp\/v2\/pages\/25"}],"collection":[{"href":"https:\/\/degre6escalade.fr\/index.php?rest_route=\/wp\/v2\/pages"}],"about":[{"href":"https:\/\/degre6escalade.fr\/index.php?rest_route=\/wp\/v2\/types\/page"}],"author":[{"embeddable":true,"href":"https:\/\/degre6escalade.fr\/index.php?rest_route=\/wp\/v2\/users\/1"}],"replies":[{"embeddable":true,"href":"https:\/\/degre6escalade.fr\/index.php?rest_route=%2Fwp%2Fv2%2Fcomments&post=25"}],"version-history":[{"count":6,"href":"https:\/\/degre6escalade.fr\/index.php?rest_route=\/wp\/v2\/pages\/25\/revisions"}],"predecessor-version":[{"id":109,"href":"https:\/\/degre6escalade.fr\/index.php?rest_route=\/wp\/v2\/pages\/25\/revisions\/109"}],"wp:attachment":[{"href":"https:\/\/degre6escalade.fr\/index.php?rest_route=%2Fwp%2Fv2%2Fmedia&parent=25"}],"curies":[{"name":"wp","href":"https:\/\/api.w.org\/{rel}","templated":true}]}}