{"id":26,"date":"2020-03-04T23:44:56","date_gmt":"2020-03-04T22:44:56","guid":{"rendered":"http:\/\/degre6escalade.fr\/?page_id=26"},"modified":"2020-03-08T12:25:11","modified_gmt":"2020-03-08T11:25:11","slug":"lorganisation-de-la-section","status":"publish","type":"page","link":"https:\/\/degre6escalade.fr\/?page_id=26","title":{"rendered":"L&#8217;organisation de la section"},"content":{"rendered":"\n<p>La section escalade de l\u2019Association Sportive de Sorbonne Universit\u00e9\u00a0a vu le jour en des temps anciens, mais elle a su s\u2019adapter \u00e0 l\u2019\u00e9volution des pratiques. Depuis 2005, elle dispose notamment de deux cr\u00e9neaux hebdomadaires sur le mur du gymnase Alice Millat, dans le 14\u00e8me arrondissement de Paris. Plus r\u00e9cemment, la construction du mur du gymnase de Jussieu l\u2019a \u00e9galement fortement dynamis\u00e9e.\u00a0Chaque ann\u00e9e, elle accueille ainsi environ\u00a0<strong>120 grimpeurs de tous les niveaux<\/strong>, \u00e0 qui elle propose, outre les s\u00e9ances en mur artificiel, des sorties r\u00e9guli\u00e8res sur les blocs de la for\u00eat de Fontainebleau ainsi qu\u2019en falaise. Des conventions d\u2019accueil sont sign\u00e9es avec d\u2019autres \u00e9tablissements au cas par cas, comme avec le Mus\u00e9um National d\u2019Histoire Naturelle de Paris.<\/p>\n\n\n\n<p>La section s\u2019appuie sur l\u2019association\u00a0<a href=\"http:\/\/degre6escalade.fr\/?page_id=23\" target=\"_blank\" rel=\"noreferrer noopener\" aria-label=\" (s\u2019ouvre dans un nouvel onglet)\">Gr\u00e8s Calcaire et Neige\u00a0(GCN)<\/a>, notamment pour former ses encadrants (\u00ab\u00a0initiateurs\u00a0\u00bb), gr\u00e2ce aux dipl\u00f4mes de la F\u00e9d\u00e9ration Fran\u00e7aise des Clubs Alpins et de Montagne (<a href=\"http:\/\/ffcam.fr\" target=\"_blank\" rel=\"noreferrer noopener\" aria-label=\" (s\u2019ouvre dans un nouvel onglet)\">FFCAM<\/a>). Cette association assure \u00e9galement l\u2019organisation du rassemblement d\u2019\u00e9t\u00e9 en montagne.<\/p>\n\n\n\n<p>Enfin, une troisi\u00e8me structure fonctionne en bonne intelligence avec la section : le\u00a0<a rel=\"noreferrer noopener\" aria-label=\" (s\u2019ouvre dans un nouvel onglet)\" href=\"https:\/\/daps.upmc.fr\/gestion\/planning\" target=\"_blank\">D\u00e9partement des Activit\u00e9s Physiques et Sportives (DAPS)<\/a>\u00a0du campus Pierre et Marie Curie, qui propose aux \u00e9tudiants et aux membres du personnel des cours d\u2019escalade assur\u00e9s par des\u00a0professeurs d\u2019EPS.<\/p>\n\n\n\n<p>Ce cocktail d\u2019\u00e9changes nous permet de grimper beaucoup, en toute s\u00e9r\u00e9nit\u00e9 et dans la bonne humeur. L\u2019investissement de ses adh\u00e9rents est une composante essentielle de la section.<\/p>\n\n\n\n<h1><strong>L\u2019encadrement<\/strong><\/h1>\n\n\n\n<div class=\"wp-block-image\"><figure class=\"alignleft\"><a href=\"http:\/\/web.archive.org\/web\/20180831091305\/http:\/\/degre6.fr\/wp-content\/uploads\/2014\/09\/Fontainebleau_1.jpg\"><img decoding=\"async\" src=\"http:\/\/web.archive.org\/web\/20180831091305im_\/http:\/\/degre6.fr\/wp-content\/uploads\/2014\/09\/Fontainebleau_1-300x199.jpg\" alt=\"Fontainebleau_1\" class=\"wp-image-1054\"\/><\/a><\/figure><\/div>\n\n\n\n<p>Pour la formation des grimpeurs en mur et en falaise, l\u2019ouverture des cr\u00e9neaux d\u2019escalade sur les murs, ainsi que l\u2019encadrement des stages, la section compte des\u00a0<strong>encadrants b\u00e9n\u00e9voles brevet\u00e9s par la FFCAM<\/strong>. Si vous avez une question concernant le fonctionnement de l\u2019association, l\u2019escalade\u2026 n\u2019h\u00e9sitez pas \u00e0 la leur poser.<\/p>\n\n\n\n<p>Tous ou presque ont \u00e9t\u00e9 form\u00e9s \u00e0 la section et ils sont, pour la plupart, issus de l\u2019Universit\u00e9 Paris 6. Certains y sont toujours en tant qu\u2019\u00e9tudiants, enseignants, chercheurs ou techniciens, tandis que d\u2019autres l\u2019ont quitt\u00e9e tout en restant attach\u00e9s \u00e0 la section.<\/p>\n\n\n\n<p>Afin de garantir la viabilit\u00e9 de la section \u00e0 long terme, nous assurons r\u00e9guli\u00e8rement un soutien financier, via des des subventions de l\u2019ASSU, aux \u00e9tudiants qui d\u00e9sirent suivre des formations d\u2019encadrement b\u00e9n\u00e9vole. Par exemple, en 2013-2014, 8 encadrants ont \u00e9t\u00e9 form\u00e9s pour l\u2019escalade en salle (\u00ab\u00a0Initiateurs SAE\u00a0\u00bb- Surface Artificielle d\u2019Escalade) et \u00a05 pour l\u2019ext\u00e9rieur (2 \u00ab\u00a0Initiateurs SNE\u00a0\u00bb- Site Naturel d\u2019Escalade- et 3 Moniteurs F\u00e9d\u00e9raux)\u00a0!<\/p>\n\n\n\n<p>Avis aux amateurs, qui souhaitent transmettre leur passion !<\/p>\n\n\n\n<h1><strong>Le mat\u00e9riel<\/strong><\/h1>\n\n\n\n<p>Les cotisations suppl\u00e9mentaires propres \u00e0 la section ont permis aux\u00a0grimpeurs du campus Pierre et Marie Curie\u00a0de se doter d\u2019un mat\u00e9riel important, tout en assurant son entretien et son renouvellement r\u00e9gulier.<\/p>\n\n\n\n<p>La section dispose actuellement de &nbsp;:<\/p>\n\n\n\n<ul><li>~25 cordes pour la salle, qui sont mutualis\u00e9es avec ROC 14 (l\u2019association qui g\u00e8re le mur du gymnase Alice Millat)<\/li><li>~30 baudriers, autant de mousquetons \u00e0 vis et de dispositifs d\u2019assurage<\/li><li>~8 cordes \u00e0 simple (falaises d\u2019une longueur)<\/li><li>~5 cordes \u00e0 double (grandes voies)<\/li><li>Des bloqueurs, des d\u00e9gaines\u2026<\/li><li>Du mat\u00e9riel de camping collectif pour les camps.<\/li><\/ul>\n\n\n\n<div class=\"wp-block-image\"><figure class=\"alignright\"><a href=\"http:\/\/web.archive.org\/web\/20180831091305\/http:\/\/degre6.fr\/wp-content\/uploads\/2014\/09\/Chaussons_1.jpg\"><img decoding=\"async\" src=\"http:\/\/web.archive.org\/web\/20180831091305im_\/http:\/\/degre6.fr\/wp-content\/uploads\/2014\/09\/Chaussons_1-300x200.jpg\" alt=\"Chaussons_1\" class=\"wp-image-1056\"\/><\/a><\/figure><\/div>\n\n\n\n<p>En revanche, lorsque vous vous inscrivez,\u00a0<strong>il vous faut imp\u00e9rativement faire l\u2019acquisition de chaussons d\u2019escalade<\/strong>.\u00a0Nous vous conseillons aussi d\u2019acqu\u00e9rir assez rapidement vos propres baudrier et dispositifs d\u2019assurage : ils font parti du mat\u00e9riel indispensable \u00e0 l\u2019autonomie du grimpeur.\u00a0<strong>Pour vos achats d\u2019escalade, de montagne ou de randonn\u00e9e,\u00a0nous b\u00e9n\u00e9ficions de 18% de r\u00e9duction au Vieux Campeur !\u00a0<\/strong>Vous pouvez obtenir les informations n\u00e9cessaires aupr\u00e8s de vos encadrants ou directement au bureau de l\u2019AS : 01.44.27.36.69 ou\u00a0<em><a href=\"mailto:sciences-assosport@sorbonne-universite.fr\">e-mail<\/a>.<\/em><\/p>\n","protected":false},"excerpt":{"rendered":"<p>La section escalade de l\u2019Association Sportive de Sorbonne Universit\u00e9\u00a0a vu le jour en des temps anciens, mais elle a su s\u2019adapter \u00e0 l\u2019\u00e9volution des pratiques. Depuis 2005, elle dispose notamment de deux cr\u00e9neaux hebdomadaires sur le mur du gymnase Alice Millat, dans le 14\u00e8me arrondissement de Paris. Plus r\u00e9cemment, la construction du mur du gymnase de Jussieu l\u2019a \u00e9galement fortement dynamis\u00e9e.\u00a0Chaque ann\u00e9e, elle accueille ainsi environ\u00a0120 grimpeurs de tous les niveaux, \u00e0 qui elle propose, outre les s\u00e9ances en mur&#8230;<\/p>\n<p class=\"read-more\"><a class=\"btn btn-default\" href=\"https:\/\/degre6escalade.fr\/?page_id=26\">Lire la suite<span class=\"screen-reader-text\"> Lire la suite<\/span><\/a><\/p>\n","protected":false},"author":1,"featured_media":0,"parent":0,"menu_order":0,"comment_status":"closed","ping_status":"closed","template":"","meta":{"_bbp_topic_count":0,"_bbp_reply_count":0,"_bbp_total_topic_count":0,"_bbp_total_reply_count":0,"_bbp_voice_count":0,"_bbp_anonymous_reply_count":0,"_bbp_topic_count_hidden":0,"_bbp_reply_count_hidden":0,"_bbp_forum_subforum_count":0},"_links":{"self":[{"href":"https:\/\/degre6escalade.fr\/index.php?rest_route=\/wp\/v2\/pages\/26"}],"collection":[{"href":"https:\/\/degre6escalade.fr\/index.php?rest_route=\/wp\/v2\/pages"}],"about":[{"href":"https:\/\/degre6escalade.fr\/index.php?rest_route=\/wp\/v2\/types\/page"}],"author":[{"embeddable":true,"href":"https:\/\/degre6escalade.fr\/index.php?rest_route=\/wp\/v2\/users\/1"}],"replies":[{"embeddable":true,"href":"https:\/\/degre6escalade.fr\/index.php?rest_route=%2Fwp%2Fv2%2Fcomments&post=26"}],"version-history":[{"count":10,"href":"https:\/\/degre6escalade.fr\/index.php?rest_route=\/wp\/v2\/pages\/26\/revisions"}],"predecessor-version":[{"id":104,"href":"https:\/\/degre6escalade.fr\/index.php?rest_route=\/wp\/v2\/pages\/26\/revisions\/104"}],"wp:attachment":[{"href":"https:\/\/degre6escalade.fr\/index.php?rest_route=%2Fwp%2Fv2%2Fmedia&parent=26"}],"curies":[{"name":"wp","href":"https:\/\/api.w.org\/{rel}","templated":true}]}}