{"id":62,"date":"2020-03-05T00:21:51","date_gmt":"2020-03-04T23:21:51","guid":{"rendered":"http:\/\/degre6escalade.fr\/?page_id=62"},"modified":"2020-03-08T15:25:42","modified_gmt":"2020-03-08T14:25:42","slug":"les-assurances","status":"publish","type":"page","link":"https:\/\/degre6escalade.fr\/?page_id=62","title":{"rendered":"Les assurances"},"content":{"rendered":"\n<h1>ASSURANCE DES PRATIQUES DE L\u2019ESCALADE<\/h1>\n\n\n\n<p>Les&nbsp;<a href=\"http:\/\/web.archive.org\/web\/20180831154258\/http:\/\/www.ffme.fr\/escalade\/page\/carte-de-france-des-sites-de-pratique.html\" target=\"_blank\" rel=\"noreferrer noopener\">lieux de pratiques de l\u2019escalade sont class\u00e9s<\/a>&nbsp;par la f\u00e9d\u00e9ration d\u00e9l\u00e9gataire de ce sport, la FFME (F\u00e9d\u00e9ration Fran\u00e7aise de la Montagne et de l\u2019Escalade), selon des normes d\u2019\u00e9quipement. Les murs appartiennent \u00e0 la cat\u00e9gorie des Surfaces Artificielles d\u2019Escalade (SAE). Les falaises ou les blocs sont r\u00e9f\u00e9renc\u00e9s comme Sites Naturels d\u2019Escalade (SNE). Dans le cas de falaises tr\u00e8s bien \u00e9quip\u00e9es, on parle de sites \u00ab&nbsp;sportifs&nbsp;\u00bb (<a href=\"http:\/\/web.archive.org\/web\/20180831154258\/http:\/\/degre6.fr\/wp-content\/uploads\/2014\/12\/FFME-2013-normes-equipement.pdf\" target=\"_blank\" rel=\"noreferrer noopener\">FFME 2013-normes-equipement<\/a>). Le reste des sites d\u2019escalade, \u00e0 l\u2019\u00e9quipement plus vari\u00e9, est class\u00e9 dans la cat\u00e9gorie \u00ab&nbsp;Terrain d\u2019Aventure&nbsp;\u00bb (TA).<\/p>\n\n\n\n<h2>Pratiques assur\u00e9es par l\u2019ASSU :<\/h2>\n\n\n\n<div class=\"wp-block-image\"><figure class=\"alignleft\"><a href=\"http:\/\/web.archive.org\/web\/20180831154258\/http:\/\/degre6.fr\/wp-content\/uploads\/2014\/12\/Fontainebleau_2.jpg\"><img decoding=\"async\" src=\"http:\/\/web.archive.org\/web\/20180831154258im_\/http:\/\/degre6.fr\/wp-content\/uploads\/2014\/12\/Fontainebleau_2-201x300.jpg\" alt=\"Fontainebleau_2\" class=\"wp-image-1059\"\/><\/a><\/figure><\/div>\n\n\n\n<p>L\u2019ASSU assure les adh\u00e9rents de sa section escalade pour les<a href=\"http:\/\/degre6escalade.fr\/?page_id=22\" target=\"_blank\" rel=\"noreferrer noopener\" aria-label=\" (s\u2019ouvre dans un nouvel onglet)\">\u00a0cr\u00e9neaux d\u2019escalade dont elle dispose en mur<\/a>, et pour les<a href=\"http:\/\/degre6escalade.fr\/?page_id=25\" target=\"_blank\" rel=\"noreferrer noopener\" aria-label=\" (s\u2019ouvre dans un nouvel onglet)\">\u00a0pratiques encadr\u00e9es de l\u2019escalade sur blocs et en falaise \u00e9quip\u00e9e, dite \u00ab\u00a0sportive\u00a0\u00bb<\/a>. Elle assure aussi ses encadrants dans leur activit\u00e9 d\u2019encadrement.<\/p>\n\n\n\n<p><strong>Une sortie d\u2019escalade peut \u00eatre organis\u00e9e au nom de l\u2019ASSU \u00e0 trois conditions :<\/strong><\/p>\n\n\n\n<ul><li>Appartenir aux pratiques d\u00e9finies ci-dessus (SAE, blocs et SNE sportifs),<\/li><li>Disposer d\u2019un encadrement reconnu comp\u00e9tent dans le lieu de pratique (cf. la liste des encadrants et leurs dipl\u00f4mes :\u00a0<a rel=\"noreferrer noopener\" aria-label=\" (s\u2019ouvre dans un nouvel onglet)\" href=\"http:\/\/degre6escalade.fr\/?page_id=26\" target=\"_blank\">Encadrants GCN 2014-15<\/a>),<\/li><li>Etre d\u00e9clar\u00e9e au pr\u00e9sident de l\u2019ASSU.<\/li><\/ul>\n\n\n\n<p><strong>L\u2019utilisation du mat\u00e9riel d\u2019escalade de l\u2019ASSU<\/strong>\u00a0est subordonn\u00e9e \u00e0 la labellisation de la sortie par l\u2019ASSU, suivant les crit\u00e8res d\u00e9finis au paragraphe pr\u00e9c\u00e9dent.<\/p>\n\n\n\n<p><strong>La pratique de l\u2019escalade<\/strong>\u00a0<strong>\u00e0 titre individuel<\/strong>\u00a0n\u2019est pas assur\u00e9e par l\u2019ASSU.<\/p>\n\n\n\n<h2>\u00ab&nbsp;Terrain d\u2019Aventure&nbsp;\u00bb :<\/h2>\n\n\n\n<div class=\"wp-block-image\"><figure class=\"alignleft\"><img decoding=\"async\" src=\"http:\/\/web.archive.org\/web\/20180831154258im_\/http:\/\/degre6.fr\/wp-content\/uploads\/2014\/12\/TA_1-168x300.jpg\" alt=\"TA_1\" class=\"wp-image-1062\"\/><\/figure><\/div>\n\n\n\n<p><strong>L\u2019escalade en \u00ab\u00a0Terrain d\u2019Aventure\u00a0\u00bb (falaises non norm\u00e9es, alpinisme\u2026)<\/strong>\u00a0est pratiqu\u00e9e dans le cadre du club\u00a0<a rel=\"noreferrer noopener\" aria-label=\" (s\u2019ouvre dans un nouvel onglet)\" href=\"http:\/\/degre6escalade.fr\/?page_id=23\" target=\"_blank\">Gr\u00e8s Calcaire et Neige (GCN)<\/a>, affili\u00e9 \u00e0 la F\u00e9d\u00e9ration Fran\u00e7aise de la Montagne et de l\u2019Escalade (FFCAM), dont l\u2019assurance couvre une tr\u00e8s large gamme de pratiques.<\/p>\n\n\n\n<p>Une convention annuelle, sign\u00e9e par les deux parties, r\u00e9git le fonctionnement conjoint de GCN et de la section escalade de l\u2019ASSU.<\/p>\n\n\n\n<p>L\u2019adh\u00e9sion \u00e0 la FFCAM via GCN assure la&nbsp;<strong>pratique de l\u2019escalade \u00e0 titre individuel<\/strong>.<\/p>\n\n\n\n<div class=\"wp-block-image\"><figure class=\"aligncenter is-resized\"><a href=\"http:\/\/web.archive.org\/web\/20180831154258\/http:\/\/degre6.fr\/wp-content\/uploads\/2014\/12\/Montage_41.jpg\"><img decoding=\"async\" loading=\"lazy\" src=\"http:\/\/web.archive.org\/web\/20180831154258im_\/http:\/\/degre6.fr\/wp-content\/uploads\/2014\/12\/Montage_41-300x124.jpg\" alt=\"Montage_4\" class=\"wp-image-1063\" width=\"535\" height=\"221\"\/><\/a><\/figure><\/div>\n","protected":false},"excerpt":{"rendered":"<p>ASSURANCE DES PRATIQUES DE L\u2019ESCALADE Les&nbsp;lieux de pratiques de l\u2019escalade sont class\u00e9s&nbsp;par la f\u00e9d\u00e9ration d\u00e9l\u00e9gataire de ce sport, la FFME (F\u00e9d\u00e9ration Fran\u00e7aise de la Montagne et de l\u2019Escalade), selon des normes d\u2019\u00e9quipement. Les murs appartiennent \u00e0 la cat\u00e9gorie des Surfaces Artificielles d\u2019Escalade (SAE). Les falaises ou les blocs sont r\u00e9f\u00e9renc\u00e9s comme Sites Naturels d\u2019Escalade (SNE). Dans le cas de falaises tr\u00e8s bien \u00e9quip\u00e9es, on parle de sites \u00ab&nbsp;sportifs&nbsp;\u00bb (FFME 2013-normes-equipement). Le reste des sites d\u2019escalade, \u00e0 l\u2019\u00e9quipement plus vari\u00e9, est&#8230;<\/p>\n<p class=\"read-more\"><a class=\"btn btn-default\" href=\"https:\/\/degre6escalade.fr\/?page_id=62\">Lire la suite<span class=\"screen-reader-text\"> Lire la suite<\/span><\/a><\/p>\n","protected":false},"author":1,"featured_media":0,"parent":0,"menu_order":0,"comment_status":"closed","ping_status":"closed","template":"","meta":{"_bbp_topic_count":0,"_bbp_reply_count":0,"_bbp_total_topic_count":0,"_bbp_total_reply_count":0,"_bbp_voice_count":0,"_bbp_anonymous_reply_count":0,"_bbp_topic_count_hidden":0,"_bbp_reply_count_hidden":0,"_bbp_forum_subforum_count":0},"_links":{"self":[{"href":"https:\/\/degre6escalade.fr\/index.php?rest_route=\/wp\/v2\/pages\/62"}],"collection":[{"href":"https:\/\/degre6escalade.fr\/index.php?rest_route=\/wp\/v2\/pages"}],"about":[{"href":"https:\/\/degre6escalade.fr\/index.php?rest_route=\/wp\/v2\/types\/page"}],"author":[{"embeddable":true,"href":"https:\/\/degre6escalade.fr\/index.php?rest_route=\/wp\/v2\/users\/1"}],"replies":[{"embeddable":true,"href":"https:\/\/degre6escalade.fr\/index.php?rest_route=%2Fwp%2Fv2%2Fcomments&post=62"}],"version-history":[{"count":7,"href":"https:\/\/degre6escalade.fr\/index.php?rest_route=\/wp\/v2\/pages\/62\/revisions"}],"predecessor-version":[{"id":118,"href":"https:\/\/degre6escalade.fr\/index.php?rest_route=\/wp\/v2\/pages\/62\/revisions\/118"}],"wp:attachment":[{"href":"https:\/\/degre6escalade.fr\/index.php?rest_route=%2Fwp%2Fv2%2Fmedia&parent=62"}],"curies":[{"name":"wp","href":"https:\/\/api.w.org\/{rel}","templated":true}]}}